{"id":2,"date":"2020-06-22T06:42:37","date_gmt":"2020-06-22T06:42:37","guid":{"rendered":"https:\/\/demo.artureanec.com\/themes\/neuros\/?page_id=2"},"modified":"2025-08-20T12:27:43","modified_gmt":"2025-08-20T12:27:43","slug":"home-5","status":"publish","type":"page","link":"https:\/\/laborlink.al\/sq\/","title":{"rendered":"Faqja Kryesore"},"content":{"rendered":"<div class=\"wpb-content-wrapper\"><div id=\"top\" class=\"vc_row wpb_row top-row info-boxes mb-5 pb-5 vc_custom_1755526346058 porto-inner-container wpb_custom_034b39d9bc6c6b310d69e39f0ccf274f\"><div class=\"porto-wrap-container container\"><div class=\"row\"><div class=\"vc_column_container col-md-12 col-lg-4\" data-appear-animation=\"maskUp\" data-appear-animation-delay=\"100\"><div class=\"wpb_wrapper vc_column-inner\"><div class=\"porto-sicon-box  vc_custom_1755529804332  wpb_custom_c08b50971e0aa11a40c8904488369f60 style_1 top-icon\"><div class=\"porto-sicon-top\"><div class=\"porto-just-icon-wrapper porto-sicon-img  porto-icon-9f5d1cfb45d27d96b50bf473aebba227\" style=\"font-size: 90px;\"><img loading=\"lazy\" decoding=\"async\" class=\"img-icon\" alt=\"Info Image\" src=\"https:\/\/laborlink.al\/wp-content\/uploads\/2020\/07\/solution.png\" width=\"90\" height=\"90\" \/><\/div><\/div><div class=\"porto-sicon-header\"><h3 class=\"porto-sicon-title\" style=\"font-weight:700;font-size:26px;color:#ffffff;line-height:27px;letter-spacing:-0.05em;\">Nd\u00ebrtim &amp; Industriale<\/h3><\/div> <!-- header --><div class=\"porto-sicon-description\" style=\"font-weight:300;font-size:16px;line-height:26px;\">Ne ofrojm\u00eb zgjidhje p\u00ebr fuqin\u00eb pun\u00ebtore p\u00ebr pozicione t\u00eb kualifikuara dhe jo t\u00eb kualifikuara brenda sektor\u00ebve t\u00eb nd\u00ebrtimit dhe industris\u00eb.<\/div> <!-- description --><\/div><!-- porto-sicon-box --><\/div><\/div><div class=\"vc_column_container col-md-12 col-lg-4\" data-appear-animation=\"maskUp\" data-appear-animation-delay=\"200\"><div class=\"wpb_wrapper vc_column-inner\"><div class=\"porto-sicon-box  vc_custom_1755529841833  wpb_custom_c08b50971e0aa11a40c8904488369f60 style_1 top-icon\"><div class=\"porto-sicon-top\"><div class=\"porto-just-icon-wrapper porto-sicon-img  porto-icon-9f5d1cfb45d27d96b50bf473aebba227\" style=\"font-size: 90px;\"><img loading=\"lazy\" decoding=\"async\" class=\"img-icon\" alt=\"Info Image\" src=\"https:\/\/laborlink.al\/wp-content\/uploads\/2020\/07\/advertising.png\" width=\"90\" height=\"90\" \/><\/div><\/div><div class=\"porto-sicon-header\"><h3 class=\"porto-sicon-title\" style=\"font-weight:700;font-size:26px;color:#ffffff;line-height:27px;letter-spacing:-0.05em;\">Mikpritje<\/h3><\/div> <!-- header --><div class=\"porto-sicon-description\" style=\"font-weight:300;font-size:16px;line-height:26px;color:#ffffff;\">Ne ofrojm\u00eb nj\u00eb gam\u00eb t\u00eb gjer\u00eb profesionist\u00ebsh t\u00eb mikpritjes, duke p\u00ebrfshir\u00eb kuzhinier\u00eb t\u00eb kualifikuar, sh\u00ebrbyese t\u00eb p\u00ebrkushtuara dhe pastrues t\u00eb kujdessh\u00ebm.<\/div> <!-- description --><\/div><!-- porto-sicon-box --><\/div><\/div><div class=\"vc_column_container col-md-12 col-lg-4\" data-appear-animation=\"maskUp\" data-appear-animation-delay=\"300\"><div class=\"wpb_wrapper vc_column-inner\"><div class=\"porto-sicon-box  vc_custom_1755529898144  wpb_custom_c08b50971e0aa11a40c8904488369f60 style_1 top-icon\"><div class=\"porto-sicon-top\"><div class=\"porto-just-icon-wrapper porto-sicon-img  porto-icon-9f5d1cfb45d27d96b50bf473aebba227\" style=\"font-size: 90px;\"><img loading=\"lazy\" decoding=\"async\" class=\"img-icon\" alt=\"Info Image\" src=\"https:\/\/laborlink.al\/wp-content\/uploads\/2020\/07\/feedback.png\" width=\"90\" height=\"90\" \/><\/div><\/div><div class=\"porto-sicon-header\"><h3 class=\"porto-sicon-title\" style=\"font-weight:700;font-size:26px;color:#ffffff;line-height:27px;letter-spacing:-0.05em;\">Bujq\u00ebsor<\/h3><\/div> <!-- header --><div class=\"porto-sicon-description\" style=\"font-weight:300;font-size:16px;line-height:26px;\">Nj\u00eb gam\u00eb e gjer\u00eb profesionist\u00ebsh bujq\u00ebsor\u00eb, duke p\u00ebrfshir\u00eb fermer\u00eb t\u00eb kualifikuar, korr\u00ebs t\u00eb p\u00ebrkushtuar dhe ndihm\u00ebs ferme t\u00eb devotsh\u00ebm.<\/div> <!-- description --><\/div><!-- porto-sicon-box --><\/div><\/div><\/div><\/div><\/div><div id=\"services\" class=\"vc_row wpb_row top-row py-5 mb-4 mb-xl-5 mt-4 mt-xl-0 porto-inner-container wpb_custom_034b39d9bc6c6b310d69e39f0ccf274f\"><div class=\"porto-wrap-container container\"><div class=\"row align-items-center\"><div class=\"vc_column_container col-md-12 col-xl-4 col-lg-6\"><div class=\"wpb_wrapper vc_column-inner\"><h4 style=\"font-size: 40px;line-height: 1;font-weight:700;letter-spacing:-0.05em\" data-appear-animation=\"fadeInLeft\" data-appear-animation-delay=\"100\" class=\"vc_custom_heading vc_do_custom_heading mb-4 pb-2 zigzag wpb_custom_aa365bd5046e8294520b4e73732b9d15 align-left\" >Sh\u00ebrbimet Tona<\/h4><p style=\"font-size: 20px;line-height: 1.6;text-align: justify\" data-appear-animation=\"fadeInLeft\" data-appear-animation-delay=\"200\" class=\"vc_custom_heading vc_do_custom_heading custom-font1 wpb_custom_aa365bd5046e8294520b4e73732b9d15\" >Ekipi yn\u00eb i profesionist\u00ebve me p\u00ebrvoj\u00eb zot\u00ebron njohuri t\u00eb thella mbi ligjet e imigracionit dhe procedurat e vizave.<\/p><p style=\"font-size: 15px;line-height: 26px;text-align: justify\" data-appear-animation=\"fadeInLeft\" data-appear-animation-delay=\"400\" class=\"vc_custom_heading vc_do_custom_heading wpb_custom_aa365bd5046e8294520b4e73732b9d15\" >Ne udh\u00ebzojm\u00eb klient\u00ebt n\u00eb \u00e7do faz\u00eb t\u00eb procesit me sakt\u00ebsi dhe kujdes, duke siguruar p\u00ebrputhshm\u00ebri me t\u00eb gjitha k\u00ebrkesat ligjore dhe duke minimizuar vonesat dhe komplikimet. Duke kombinuar ekspertiz\u00ebn me nj\u00eb qasje t\u00eb fokusuar tek klienti, ne b\u00ebjm\u00eb q\u00eb procedurat komplekse t\u00eb jen\u00eb m\u00eb transparente dhe t\u00eb menaxhueshme.<\/p><\/div><\/div><div class=\"approach-img py-4 py-lg-0 font-10 vc_column_container col-md-12 col-xl-4 col-lg-6\"><div class=\"wpb_wrapper vc_column-inner\"><div  class=\"vc_custom_heading vc_do_custom_heading br-50 w-100 h-100 vc_custom_1593626006404 wpb_custom_aa365bd5046e8294520b4e73732b9d15 align-left\" ><\/div><div  class=\"vc_custom_heading vc_do_custom_heading p-center br-50 w-50 h-50 vc_custom_1593625945129 wpb_custom_aa365bd5046e8294520b4e73732b9d15 align-left\" ><\/div><div  class=\"vc_custom_heading vc_do_custom_heading br-50 w-25 h-25 p-center inner-img vc_custom_1593965877298 wpb_custom_aa365bd5046e8294520b4e73732b9d15 align-left\" ><\/div><h6  data-appear-animation=\"zoomIn\" data-appear-animation-delay=\"100\" class=\"vc_custom_heading vc_do_custom_heading shape circle circle-1 vc_custom_1593973110711 wpb_custom_aa365bd5046e8294520b4e73732b9d15 align-left\" ><\/h6><h6  data-appear-animation=\"zoomIn\" data-appear-animation-delay=\"100\" class=\"vc_custom_heading vc_do_custom_heading shape circle circle-2 vc_custom_1593626981029 wpb_custom_aa365bd5046e8294520b4e73732b9d15 align-left\" ><\/h6><h6  data-appear-animation=\"zoomIn\" data-appear-animation-delay=\"100\" class=\"vc_custom_heading vc_do_custom_heading shape circle circle-3 vc_custom_1593626984486 wpb_custom_aa365bd5046e8294520b4e73732b9d15 align-left\" ><\/h6><\/div><\/div><div class=\"mt-4 mt-lg-0 vc_column_container col-md-12 col-xl-4\"><div class=\"wpb_wrapper vc_column-inner\"><p style=\"font-size: 16px;line-height: 1.5;font-weight:500\" data-appear-animation=\"fadeInLeft\" data-appear-animation-delay=\"200\" class=\"vc_custom_heading vc_do_custom_heading mb-4 ms-xl-2 ps-xl-1 list-unstyled wpb_custom_aa365bd5046e8294520b4e73732b9d15 align-left\" >Kontrat\u00eb Normale<\/p>\r\n\t<div class=\"wpb_text_column wpb_content_element wpb_animate_when_almost_visible wpb_fadeIn fadeIn wpb_custom_7c91d232724f73626cc933bd95b25ff0\" >\r\n\t\t<div class=\"wpb_wrapper\">\r\n\t\t\t<p>Pun\u00eb me koh\u00eb t\u00eb plot\u00eb p\u00ebr pun\u00ebsim afatgjat\u00eb<\/p>\n\r\n\t\t<\/div>\r\n\t<\/div>\r\n<div class=\"vc_empty_space\"   style=\"height: 32px\"><span class=\"vc_empty_space_inner\"><\/span><\/div><p style=\"font-size: 16px;line-height: 1.5;font-weight:500\" data-appear-animation=\"fadeInLeft\" data-appear-animation-delay=\"600\" class=\"vc_custom_heading vc_do_custom_heading mb-3 ms-xl-2 ps-xl-1 list-unstyled wpb_custom_aa365bd5046e8294520b4e73732b9d15 align-left\" >Kontrat\u00eb Sezonale<\/p>\r\n\t<div class=\"wpb_text_column wpb_content_element wpb_animate_when_almost_visible wpb_fadeIn fadeIn wpb_custom_7c91d232724f73626cc933bd95b25ff0\" >\r\n\t\t<div class=\"wpb_wrapper\">\r\n\t\t\t<p>Kontrata 6-mujore p\u00ebr punonj\u00ebs sezonal\u00eb p\u00ebr t\u00eb mbuluar muajt me k\u00ebrkes\u00eb t\u00eb lart\u00eb<\/p>\n\r\n\t\t<\/div>\r\n\t<\/div>\r\n<\/div><\/div><\/div><\/div><\/div><div class=\"vc_row wpb_row top-row py-5 my-5 our-services p-relative porto-inner-container wpb_custom_034b39d9bc6c6b310d69e39f0ccf274f\"><div class=\"porto-wrap-container container\"><div class=\"row\"><div class=\"p-static vc_column_container col-md-12\"><div class=\"wpb_wrapper vc_column-inner\"><h6  data-appear-animation=\"zoomIn\" data-appear-animation-delay=\"100\" class=\"vc_custom_heading vc_do_custom_heading shape circle vc_custom_1593659883180 wpb_custom_aa365bd5046e8294520b4e73732b9d15 align-left\" ><\/h6><h3 style=\"font-size: 40px;line-height: 1;text-align: center;font-weight:700;letter-spacing:-0.05\" data-appear-animation=\"fadeInUp\" data-appear-animation-delay=\"200\" class=\"vc_custom_heading vc_do_custom_heading zigzag center pb-5 mb-4 wpb_custom_aa365bd5046e8294520b4e73732b9d15\" >Le t\u00eb gjejm\u00eb stafin tuaj t\u00eb ri<\/h3><div class=\"vc_row wpb_row vc_inner row justify-content-center\"><div class=\"vc_column_container col-md-6 col-xl-4\"><div class=\"wpb_wrapper vc_column-inner\"><div style=\"font-size: 20px;line-height: 1.6;font-weight:600\" data-appear-animation=\"fadeInLeft\" data-appear-animation-delay=\"200\" class=\"vc_custom_heading vc_do_custom_heading service-card mb-4 list-unstyled gray vc_custom_1755594497874 wpb_custom_aa365bd5046e8294520b4e73732b9d15 align-left heading-dark\" ><a href=\"#\">Mb\u00ebshtetje nga Fillimi deri n\u00eb Fund\n<p>Ne menaxhojm\u00eb gjith\u00eb procesin e pun\u00ebsimit nga fillimi deri n\u00eb fund, duke siguruar nj\u00eb p\u00ebrvoj\u00eb pa telashe p\u00ebr klient\u00ebt tan\u00eb.<\/p><\/a><\/div><\/div><\/div><div class=\"vc_column_container col-md-6 col-xl-4\"><div class=\"wpb_wrapper vc_column-inner\"><div style=\"font-size: 20px;line-height: 1.6;font-weight:600\" data-appear-animation=\"fadeInLeft\" data-appear-animation-delay=\"300\" class=\"vc_custom_heading vc_do_custom_heading service-card mb-4 list-unstyled dark vc_custom_1755594569863 wpb_custom_aa365bd5046e8294520b4e73732b9d15 align-left heading-light\" ><a href=\"#\">Jepni Detajet\n<p>P\u00ebr t\u00eb filluar procesin, thjesht na jepni nj\u00eb Formular Letre K\u00ebrkese t\u00eb plot\u00ebsuar q\u00eb detajon nevojat tuaja p\u00ebr fuqin\u00eb pun\u00ebtore.<\/p><\/a><\/div><\/div><\/div><div class=\"vc_column_container col-md-6 col-xl-4\"><div class=\"wpb_wrapper vc_column-inner\"><div style=\"font-size: 20px;line-height: 1.6;font-weight:600\" data-appear-animation=\"fadeInLeft\" data-appear-animation-delay=\"400\" class=\"vc_custom_heading vc_do_custom_heading service-card mb-4 list-unstyled gray vc_custom_1755594590692 wpb_custom_aa365bd5046e8294520b4e73732b9d15 align-left heading-dark\" ><a href=\"#\">Informacion Minimal\n<p>Ne thjeshtojm\u00eb procesin e rekrutimit duke k\u00ebrkuar vet\u00ebm informacionin baz\u00eb nga ju.<\/p><\/a><\/div><\/div><\/div><div class=\"vc_column_container col-md-6 col-xl-4\"><div class=\"wpb_wrapper vc_column-inner\"><div style=\"font-size: 20px;line-height: 1.6;font-weight:600\" data-appear-animation=\"fadeInLeft\" data-appear-animation-delay=\"500\" class=\"vc_custom_heading vc_do_custom_heading service-card mb-4 list-unstyled dark vc_custom_1755594609167 wpb_custom_aa365bd5046e8294520b4e73732b9d15 align-left heading-light\" ><a href=\"#\">Konsulenc\u00eb p\u00ebr Viz\u00eb me Rrug\u00eb t\u00eb Shpejt\u00eb\n<p>Sh\u00ebrbimet tona p\u00ebr viz\u00eb me rrug\u00eb t\u00eb shpejt\u00eb jan\u00eb dizajnuar p\u00ebr t\u00eb p\u00ebrshpejtuar procesin e imigracionit, duke ju ndihmuar t\u00eb shmangni vonesat dhe komplikimet e panevojshme.<\/p><\/a><\/div><\/div><\/div><div class=\"vc_column_container col-md-6 col-xl-4\"><div class=\"wpb_wrapper vc_column-inner\"><div style=\"font-size: 20px;line-height: 1.6;font-weight:600\" data-appear-animation=\"fadeInLeft\" data-appear-animation-delay=\"600\" class=\"vc_custom_heading vc_do_custom_heading service-card mb-4 list-unstyled gray vc_custom_1755594510840 wpb_custom_aa365bd5046e8294520b4e73732b9d15 align-left heading-dark\" ><a href=\"#\">Informacione mbi Procedurat e Viz\u00ebs\n<p>Procesi i aplikimit p\u00ebr viz\u00eb p\u00ebrfshin disa hapa, t\u00eb cil\u00ebt ne i thjesht\u00ebsojm\u00eb p\u00ebr ju: Dor\u00ebzimi i Dokumenteve, Verifikimi dhe Miratimi, L\u00ebshimi i Viz\u00ebs.<\/p><\/a><\/div><\/div><\/div><div class=\"vc_column_container col-md-6 col-xl-4\"><div class=\"wpb_wrapper vc_column-inner\"><div style=\"font-size: 20px;line-height: 1.6;font-weight:600\" data-appear-animation=\"fadeInLeft\" data-appear-animation-delay=\"700\" class=\"vc_custom_heading vc_do_custom_heading service-card mb-4 list-unstyled dark vc_custom_1755594514680 wpb_custom_aa365bd5046e8294520b4e73732b9d15 align-left heading-light\" ><a href=\"#\">Mb\u00ebshtetje Ligjore nga Partner\u00ebt\n<p>Ne bashk\u00ebpunojm\u00eb me partner\u00eb ligjor\u00eb t\u00eb besuesh\u00ebm si n\u00eb vendin tuaj, ashtu edhe n\u00eb vendin prit\u00ebs, p\u00ebr t\u00eb siguruar p\u00ebrputhshm\u00ebri t\u00eb plot\u00eb me ligjet e pun\u00ebs dhe rregulloret e imigracionit.<\/p><\/a><\/div><\/div><\/div><div class=\"vc_column_container col-md-6 col-xl-4\"><div class=\"wpb_wrapper vc_column-inner\"><\/div><\/div><div class=\"vc_column_container col-md-6 col-xl-4\"><div class=\"wpb_wrapper vc_column-inner\"><\/div><\/div><div class=\"vc_column_container col-md-6 col-xl-4\"><div class=\"wpb_wrapper vc_column-inner\"><\/div><\/div><div class=\"col-xl-9 vc_column_container col-md-12\"><div class=\"wpb_wrapper vc_column-inner\"><p style=\"font-size: 16px;line-height: 26px;text-align: center\" data-appear-animation=\"fadeInLeft\" data-appear-animation-delay=\"400\" class=\"vc_custom_heading vc_do_custom_heading mt-4 mb-0 wpb_custom_aa365bd5046e8294520b4e73732b9d15\" >Ekipi yn\u00eb \u00ebsht\u00eb i p\u00ebrkushtuar p\u00ebr t\u2019ju lidhur me stafin e duhur n\u00eb m\u00ebnyr\u00eb efikase dhe t\u00eb besueshme. Qoft\u00eb q\u00eb keni nevoj\u00eb p\u00ebr profesionist\u00eb t\u00eb kualifikuar apo staf mb\u00ebshtet\u00ebs, ne menaxhojm\u00eb gjith\u00eb procesin, duke siguruar nj\u00eb p\u00ebrvoj\u00eb t\u00eb qet\u00eb nga p\u00ebrzgjedhja deri te integrimi n\u00eb pun\u00eb.<\/p><\/div><\/div><\/div><\/div><\/div><\/div><\/div><\/div><div id=\"faq\" class=\"vc_row wpb_row top-row py-5 my-5 our-services p-relative porto-inner-container wpb_custom_034b39d9bc6c6b310d69e39f0ccf274f\"><div class=\"porto-wrap-container container\"><div class=\"row\"><div class=\"p-static vc_column_container col-md-12\"><div class=\"wpb_wrapper vc_column-inner\"><h6  data-appear-animation=\"zoomIn\" data-appear-animation-delay=\"100\" class=\"vc_custom_heading vc_do_custom_heading shape circle vc_custom_1593659883180 wpb_custom_aa365bd5046e8294520b4e73732b9d15 align-left\" ><\/h6><h3 style=\"font-size: 40px;line-height: 1;text-align: center;font-weight:700;letter-spacing:-0.05\" data-appear-animation=\"fadeInUp\" data-appear-animation-delay=\"200\" class=\"vc_custom_heading vc_do_custom_heading zigzag center pb-5 mb-4 wpb_custom_aa365bd5046e8294520b4e73732b9d15\" >Pyetjet e Shpeshta t\u00eb P\u00ebrgjigjura<\/h3><p style=\"font-size: 20px;line-height: 1.6;text-align: center\" data-appear-animation=\"fadeInLeft\" data-appear-animation-delay=\"200\" class=\"vc_custom_heading vc_do_custom_heading custom-font1 wpb_custom_aa365bd5046e8294520b4e73732b9d15\" >N\u00eb thelb t\u00eb p\u00ebrkushtimit ton\u00eb p\u00ebr t\u00eb ofruar zgjidhje t\u00eb shk\u00eblqyera imigracioni q\u00ebndron ekipi yn\u00eb i besuesh\u00ebm i profesionist\u00ebve.<\/p><section class=\"vc_do_toggle toggle\"><label>Sa zgjat procedura?<\/label><div class=\"toggle-content\"><p>Koh\u00ebzgjatja varet nga dy faktor\u00eb: koha e p\u00ebrpunimit nga autoritetet e imigracionit t\u00eb vendit prit\u00ebs dhe l\u00ebshimi i lejes s\u00eb pun\u00ebs. N\u00eb p\u00ebrgjith\u00ebsi, procedura mund t\u00eb zgjas\u00eb nga 2 jav\u00eb deri n\u00eb 2 muaj p\u00ebr secil\u00ebn pal\u00eb.<\/p>\n<\/div><\/section><section class=\"vc_do_toggle toggle\"><label>Cilat jan\u00eb k\u00ebrkesat?<\/label><div class=\"toggle-content\"><p>Pun\u00ebdh\u00ebn\u00ebsit duhet t\u00eb p\u00ebrmbushin k\u00ebrkesa t\u00eb caktuara, q\u00eb korrespondojn\u00eb me numrin e stafit t\u00eb k\u00ebrkuar dhe q\u00eb ofrojn\u00eb akomodim t\u00eb p\u00ebrshtatsh\u00ebm.<\/p>\n<\/div><\/section><section class=\"vc_do_toggle toggle\"><label>Cilat jan\u00eb kostot e lidhura?<\/label><div class=\"toggle-content\"><p>N\u00eb var\u00ebsi t\u00eb sh\u00ebrbimeve t\u00eb k\u00ebrkuara, \u00e7do klient merr nj\u00eb kuot\u00eb t\u00eb p\u00ebrshtatur q\u00eb do t\u00eb varet nga numri i fuqis\u00eb pun\u00ebtore dhe specializimi i tyre.<\/p>\n<\/div><\/section><div class=\"porto-toggles wpb_content_element\"><section class=\"vc_do_toggle toggle\"><label>Sa zgjat procesi i pun\u00ebsimit?<\/label><div class=\"toggle-content\"><div class=\"acc_body current\">\n<div class=\"content\">\n<p>Afati kohor ndryshon n\u00eb var\u00ebsi t\u00eb dy faktor\u00ebve kryesor\u00eb:<\/p>\n<ul>\n<li>Procedurat e Imigracionit: Koh\u00ebzgjatja q\u00eb u duhet autoriteteve t\u00eb vendit prit\u00ebs p\u00ebr t\u00eb p\u00ebrpunuar dhe l\u00ebshuar lejet e pun\u00ebs p\u00ebr pun\u00ebtor\u00ebt e huaj.<\/li>\n<li>Gatishm\u00ebria e Pun\u00ebdh\u00ebn\u00ebsit: Sigurimi q\u00eb t\u00eb gjitha dokumentet dhe akomodimet nga ana e pun\u00ebdh\u00ebn\u00ebsit jan\u00eb p\u00ebrgatitur.<\/li>\n<li>Procedura e plot\u00eb zakonisht varion nga 2 jav\u00eb deri n\u00eb 2 muaj p\u00ebr secil\u00ebn an\u00eb.<\/li>\n<\/ul>\n<\/div>\n<\/div>\n<\/div><\/section><section class=\"vc_do_toggle toggle\"><label>Cilat jan\u00eb k\u00ebrkesat p\u00ebr pun\u00ebdh\u00ebn\u00ebsit?<\/label><div class=\"toggle-content\"><p>Pun\u00ebdh\u00ebn\u00ebsit duhet t\u00eb plot\u00ebsojn\u00eb kriteret e m\u00ebposhtme:<\/p>\n<ul>\n<li>Mjedise akomodimi: Marr\u00ebveshje t\u00eb p\u00ebrshtatshme jetese p\u00ebr pun\u00ebtor\u00ebt e pun\u00ebsuar, duke siguruar q\u00eb ata t\u00eb p\u00ebrmbushin standardet dhe rregulloret lokale.<\/li>\n<\/ul>\n<\/div><\/section><section class=\"vc_do_toggle toggle\"><label>Cilat jan\u00eb detajet e \u00e7mimeve?<\/label><div class=\"toggle-content\"><p>Struktura jon\u00eb e \u00e7mimeve varet nga sh\u00ebrbimet specifike t\u00eb k\u00ebrkuara. P\u00ebr shumic\u00ebn e roleve, kostoja \u00ebsht\u00eb zakonisht midis 1,000 \u20ac \u2013 1,500 \u20ac p\u00ebr person, duke p\u00ebrjashtuar TVSH-n\u00eb aty ku \u00ebsht\u00eb e aplikueshme. Ky \u00e7mim mbulon:<\/p>\n<ul>\n<li>Sh\u00ebrbime rekrutimi dhe pun\u00ebsimi<\/li>\n<li>Procedurat ligjore dhe administrative<\/li>\n<li>Kostot p\u00ebrfundimtare mund t\u00eb ndryshojn\u00eb n\u00eb var\u00ebsi t\u00eb kompleksitetit t\u00eb k\u00ebrkesave.<\/li>\n<\/ul>\n<\/div><\/section><section class=\"vc_do_toggle toggle\"><label>\u00c7far\u00eb industrish sh\u00ebrbeni?<\/label><div class=\"toggle-content\"><p>Ne specializohemi n\u00eb ofrimin e personelit p\u00ebr:<\/p>\n<ul>\n<li>Puna n\u00eb nd\u00ebrtim dhe industri: Pun\u00ebtor\u00eb t\u00eb kualifikuar dhe t\u00eb pakualifikuar.<\/li>\n<li>Mikpritja: P\u00ebrfshir\u00eb shefat e kuzhin\u00ebs, pastruesit dhe pastruesit.<\/li>\n<li>Sektori i Bujq\u00ebsis\u00eb: Fermer\u00eb, korr\u00ebs t\u00eb zellsh\u00ebm dhe pun\u00ebtor\u00eb t\u00eb p\u00ebrkushtuar.<\/li>\n<\/ul>\n<\/div><\/section><section class=\"vc_do_toggle toggle\"><label>A mund t\u00eb k\u00ebrkoj punonj\u00ebs p\u00ebr nevoja afat-shkurtra?<\/label><div class=\"toggle-content\"><p>Po, ne ofrojm\u00eb kontrata sezonale p\u00ebr pun\u00ebtor\u00ebt. K\u00ebto kontrata zakonisht zgjasin deri n\u00eb 6 muaj dhe jan\u00eb perfekte p\u00ebr industrit\u00eb me periudha kulmore t\u00eb k\u00ebrkes\u00ebs, si\u00e7 jan\u00eb bujq\u00ebsia, mikpritja ose shitja me pakic\u00eb.<\/p>\n<\/div><\/section><section class=\"vc_do_toggle toggle\"><label>Si funksionon procesi i dokumentacionit?<\/label><div class=\"toggle-content\"><p>Ne e thjeshtojm\u00eb procesin duke trajtuar k\u00ebrkesat si t\u00eb pun\u00ebdh\u00ebn\u00ebsit ashtu edhe t\u00eb punonj\u00ebsve. Pun\u00ebdh\u00ebn\u00ebsit duhet t\u00eb ofrojn\u00eb vet\u00ebm dokumentacion minimal, nd\u00ebrsa ne sigurojm\u00eb pajtueshm\u00ebrin\u00eb me t\u00eb gjitha rregulloret dhe dokumentet e nevojshme.<\/p>\n<\/div><\/section><section class=\"vc_do_toggle toggle\"><label>\u00c7far\u00eb e b\u00ebn LaborLink t\u00eb ndrysh\u00ebm?<\/label><div class=\"toggle-content\"><p>Ne krenohemi me:<\/p>\n<ul>\n<li>P\u00ebrshtatja e sh\u00ebrbimeve tona sipas nevojave t\u00eb klientit.<\/li>\n<li>Kryerja e t\u00eb gjitha detyrave administrative p\u00ebr t\u00eb siguruar bashk\u00ebpunim t\u00eb qet\u00eb midis pun\u00ebdh\u00ebn\u00ebsve dhe punonj\u00ebsve.<\/li>\n<li>Duke ofruar zgjidhje t\u00eb larmishme p\u00ebr fuqin\u00eb pun\u00ebtore, nga pun\u00ebsimi me koh\u00eb t\u00eb plot\u00eb deri te kontratat sezonale, n\u00eb industri t\u00eb shumta.<\/li>\n<\/ul>\n<\/div><\/section><\/div><\/div><\/div><\/div><\/div><\/div>\n<\/div>","protected":false},"excerpt":{"rendered":"Construction &amp; Industrial We provide workforce solutions for both skilled and unskilled positions within the construction and industrial sectors. Hospitality We offer a comprehensive range of hospitality professionals, including skilled chefs, dedicated maids, and meticulous janitors. Agricultural A comprehensive range of agricultural professionals, including skilled farmers, diligent harvesters, and dedicated farmhands. Our ServicesOur team of [...]","protected":false},"author":1,"featured_media":0,"parent":0,"menu_order":0,"comment_status":"closed","ping_status":"closed","template":"","meta":{"footnotes":""},"class_list":["post-2","page","type-page","status-publish","hentry"],"_links":{"self":[{"href":"https:\/\/laborlink.al\/sq\/wp-json\/wp\/v2\/pages\/2","targetHints":{"allow":["GET"]}}],"collection":[{"href":"https:\/\/laborlink.al\/sq\/wp-json\/wp\/v2\/pages"}],"about":[{"href":"https:\/\/laborlink.al\/sq\/wp-json\/wp\/v2\/types\/page"}],"author":[{"embeddable":true,"href":"https:\/\/laborlink.al\/sq\/wp-json\/wp\/v2\/users\/1"}],"replies":[{"embeddable":true,"href":"https:\/\/laborlink.al\/sq\/wp-json\/wp\/v2\/comments?post=2"}],"version-history":[{"count":0,"href":"https:\/\/laborlink.al\/sq\/wp-json\/wp\/v2\/pages\/2\/revisions"}],"wp:attachment":[{"href":"https:\/\/laborlink.al\/sq\/wp-json\/wp\/v2\/media?parent=2"}],"curies":[{"name":"wp","href":"https:\/\/api.w.org\/{rel}","templated":true}]}}